{"id":38,"date":"2026-03-09T17:50:39","date_gmt":"2026-03-09T16:50:39","guid":{"rendered":"https:\/\/pk-hausservice.at\/home\/"},"modified":"2026-03-10T22:29:53","modified_gmt":"2026-03-10T21:29:53","slug":"home","status":"publish","type":"page","link":"https:\/\/pk-hausservice.at\/","title":{"rendered":"Home"},"content":{"rendered":"\n<div class=\"wp-block-uagb-container uagb-block-796b8d93 default uagb-is-root-container\">\n<div class=\"wp-block-group is-nowrap is-layout-flex wp-container-core-group-is-layout-6c531013 wp-block-group-is-layout-flex\">\n<figure class=\"wp-block-image size-large has-custom-border\" style=\"margin-top:0;margin-right:var(--wp--preset--spacing--20);margin-bottom:0;margin-left:var(--wp--preset--spacing--20)\"><img loading=\"lazy\" decoding=\"async\" width=\"683\" height=\"1024\" src=\"http:\/\/pk-hausservice.at\/wp-content\/uploads\/2026\/03\/pexels-tima-miroshnichenko-6195105-683x1024.jpg\" alt=\"\" class=\"wp-image-96\" style=\"border-style:none;border-width:0px;border-top-left-radius:100px;border-top-right-radius:100px;border-bottom-left-radius:100px;border-bottom-right-radius:100px;aspect-ratio:3\/4;object-fit:cover\" srcset=\"https:\/\/pk-hausservice.at\/wp-content\/uploads\/2026\/03\/pexels-tima-miroshnichenko-6195105-683x1024.jpg 683w, https:\/\/pk-hausservice.at\/wp-content\/uploads\/2026\/03\/pexels-tima-miroshnichenko-6195105-200x300.jpg 200w, https:\/\/pk-hausservice.at\/wp-content\/uploads\/2026\/03\/pexels-tima-miroshnichenko-6195105-768x1152.jpg 768w, https:\/\/pk-hausservice.at\/wp-content\/uploads\/2026\/03\/pexels-tima-miroshnichenko-6195105-1024x1536.jpg 1024w, https:\/\/pk-hausservice.at\/wp-content\/uploads\/2026\/03\/pexels-tima-miroshnichenko-6195105-1365x2048.jpg 1365w, https:\/\/pk-hausservice.at\/wp-content\/uploads\/2026\/03\/pexels-tima-miroshnichenko-6195105-scaled.jpg 1707w\" sizes=\"auto, (max-width: 683px) 100vw, 683px\" \/><\/figure>\n<\/div>\n\n\n\n<div class=\"wp-block-group is-vertical is-layout-flex wp-container-core-group-is-layout-fe9cc265 wp-block-group-is-layout-flex\">\n<div class=\"wp-block-uagb-advanced-heading uagb-block-55bef39d\"><h2 class=\"uagb-heading-text\"><strong><strong>Saubere Fenster \u2013 klare Sicht!<\/strong><\/strong><\/h2><\/div>\n\n\n\n<p>\u2714 streifenfreie Fensterreinigung<br>\u2714 schnelle Terminvergabe<br>\u2714 faire Preise<br>\u2714 zuverl\u00e4ssiger und p\u00fcnktlicher Service<\/p>\n\n\n\n<div class=\"wp-block-uagb-buttons uagb-buttons__outer-wrap uagb-btn__default-btn uagb-btn-tablet__default-btn uagb-btn-mobile__default-btn uagb-block-53bbfad0\"><div class=\"uagb-buttons__wrap uagb-buttons-layout-wrap \">\n<div class=\"wp-block-uagb-buttons-child uagb-buttons__outer-wrap uagb-block-1d863900 wp-block-button\"><div class=\"uagb-button__wrapper\"><a class=\"uagb-buttons-repeater wp-block-button__link\" aria-label=\"\" href=\"https:\/\/pk-hausservice.at\/kontakt\/\" rel=\"follow noopener\" target=\"_self\" role=\"button\"><div class=\"uagb-button__link\"><strong>Kostenloses Angebot anfragen<\/strong><\/div><\/a><\/div><\/div>\n<\/div><\/div>\n\n\n\n<div class=\"wp-block-uagb-advanced-heading uagb-block-78cfee28\"><h2 class=\"uagb-heading-text\"><strong><strong>Unsere Leistungen<\/strong><\/strong><\/h2><\/div>\n\n\n\n<p>\ud83e\ude9f <strong>Fensterreinigung<\/strong><br>Professionelle Reinigung von Fenstern und Glasfl\u00e4chen.<br><br>\ud83e\uddfd <strong>Grundreinigung<\/strong><br>Gr\u00fcndliche Reinigung f\u00fcr Wohnungen und B\u00fcros.<br><br>\ud83c\udfe2 <strong>Unterhaltsreinigung<\/strong><br>Regelm\u00e4\u00dfige Reinigung f\u00fcr Unternehmen und Haushalte.<br><br>\u2728 <strong>Glasfl\u00e4chen<\/strong><br>Reinigung gro\u00dfer Glasfl\u00e4chen und Fassaden.<\/p>\n\n\n\n<div class=\"wp-block-uagb-buttons uagb-buttons__outer-wrap uagb-btn__default-btn uagb-btn-tablet__default-btn uagb-btn-mobile__default-btn uagb-block-16036949\"><div class=\"uagb-buttons__wrap uagb-buttons-layout-wrap \">\n<div class=\"wp-block-uagb-buttons-child uagb-buttons__outer-wrap uagb-block-097603c8 wp-block-button\"><div class=\"uagb-button__wrapper\"><a class=\"uagb-buttons-repeater wp-block-button__link\" aria-label=\"\" href=\"https:\/\/pk-hausservice.at\/kontakt\/\" rel=\"follow noopener\" target=\"_self\" role=\"button\"><div class=\"uagb-button__link\"><strong>Mehr erfahren<\/strong><\/div><\/a><\/div><\/div>\n<\/div><\/div>\n<\/div>\n<\/div>\n\n\n\n<div class=\"wp-block-uagb-advanced-heading uagb-block-e1f5d04f\"><h2 class=\"uagb-heading-text\"><strong>Aktion f\u00fcr Neukunden!<\/strong><\/h2><\/div>\n\n\n\n<div class=\"wp-block-uagb-buttons uagb-buttons__outer-wrap uagb-btn__default-btn uagb-btn-tablet__default-btn uagb-btn-mobile__default-btn uagb-block-7f87792d\"><div class=\"uagb-buttons__wrap uagb-buttons-layout-wrap \">\n<div class=\"wp-block-uagb-buttons-child uagb-buttons__outer-wrap uagb-block-2fe99646 wp-block-button\"><div class=\"uagb-button__wrapper\"><a class=\"uagb-buttons-repeater wp-block-button__link\" aria-label=\"\" href=\"https:\/\/pk-hausservice.at\/kontakt\/\" rel=\"follow noopener\" target=\"_self\" role=\"button\"><div class=\"uagb-button__link\">Fordern Sie jetzt ein Angebot an und testen Sie unseren Service.<\/div><\/a><\/div><\/div>\n<\/div><\/div>\n","protected":false},"excerpt":{"rendered":"<p>Saubere Fenster \u2013 klare Sicht! \u2714 streifenfreie Fensterreinigung\u2714 schnelle Terminvergabe\u2714 faire Preise\u2714 zuverl\u00e4ssiger und p\u00fcnktlicher Service Unsere Leistungen \ud83e\ude9f FensterreinigungProfessionelle Reinigung von Fenstern und Glasfl\u00e4chen. \ud83e\uddfd GrundreinigungGr\u00fcndliche Reinigung f\u00fcr Wohnungen und B\u00fcros. \ud83c\udfe2 UnterhaltsreinigungRegelm\u00e4\u00dfige Reinigung f\u00fcr Unternehmen und Haushalte. \u2728 Glasfl\u00e4chenReinigung gro\u00dfer Glasfl\u00e4chen und Fassaden. Aktion f\u00fcr Neukunden!<\/p>\n","protected":false},"author":1,"featured_media":0,"parent":0,"menu_order":0,"comment_status":"closed","ping_status":"closed","template":"elementor_header_footer","meta":{"_uag_custom_page_level_css":"","footnotes":""},"class_list":["post-38","page","type-page","status-publish","hentry"],"uagb_featured_image_src":{"full":false,"thumbnail":false,"medium":false,"medium_large":false,"large":false,"1536x1536":false,"2048x2048":false},"uagb_author_info":{"display_name":"pkadmin","author_link":"https:\/\/pk-hausservice.at\/?author=1"},"uagb_comment_info":0,"uagb_excerpt":"Saubere Fenster \u2013 klare Sicht! \u2714 streifenfreie Fensterreinigung\u2714 schnelle Terminvergabe\u2714 faire Preise\u2714 zuverl\u00e4ssiger und p\u00fcnktlicher Service Unsere Leistungen \ud83e\ude9f FensterreinigungProfessionelle Reinigung von Fenstern und Glasfl\u00e4chen. \ud83e\uddfd GrundreinigungGr\u00fcndliche Reinigung f\u00fcr Wohnungen und B\u00fcros. \ud83c\udfe2 UnterhaltsreinigungRegelm\u00e4\u00dfige Reinigung f\u00fcr Unternehmen und Haushalte. \u2728 Glasfl\u00e4chenReinigung gro\u00dfer Glasfl\u00e4chen und Fassaden. Aktion f\u00fcr Neukunden!","_links":{"self":[{"href":"https:\/\/pk-hausservice.at\/index.php?rest_route=\/wp\/v2\/pages\/38","targetHints":{"allow":["GET"]}}],"collection":[{"href":"https:\/\/pk-hausservice.at\/index.php?rest_route=\/wp\/v2\/pages"}],"about":[{"href":"https:\/\/pk-hausservice.at\/index.php?rest_route=\/wp\/v2\/types\/page"}],"author":[{"embeddable":true,"href":"https:\/\/pk-hausservice.at\/index.php?rest_route=\/wp\/v2\/users\/1"}],"replies":[{"embeddable":true,"href":"https:\/\/pk-hausservice.at\/index.php?rest_route=%2Fwp%2Fv2%2Fcomments&post=38"}],"version-history":[{"count":26,"href":"https:\/\/pk-hausservice.at\/index.php?rest_route=\/wp\/v2\/pages\/38\/revisions"}],"predecessor-version":[{"id":158,"href":"https:\/\/pk-hausservice.at\/index.php?rest_route=\/wp\/v2\/pages\/38\/revisions\/158"}],"wp:attachment":[{"href":"https:\/\/pk-hausservice.at\/index.php?rest_route=%2Fwp%2Fv2%2Fmedia&parent=38"}],"curies":[{"name":"wp","href":"https:\/\/api.w.org\/{rel}","templated":true}]}}